{"id":3790,"date":"2026-04-17T11:49:24","date_gmt":"2026-04-17T09:49:24","guid":{"rendered":"https:\/\/gaikanrestaurant.com\/neue-marke\/"},"modified":"2026-04-17T11:49:25","modified_gmt":"2026-04-17T09:49:25","slug":"neue-marke","status":"publish","type":"page","link":"https:\/\/gaikanrestaurant.com\/de\/","title":{"rendered":"Neue Marke"},"content":{"rendered":"\t\t<div data-elementor-type=\"wp-page\" data-elementor-id=\"3790\" class=\"elementor elementor-3790 elementor-3732\" data-elementor-post-type=\"page\">\n\t\t\t\t<div class=\"elementor-element elementor-element-a25078e e-flex e-con-boxed e-con e-parent\" data-id=\"a25078e\" data-element_type=\"container\" data-e-type=\"container\" data-settings=\"{&quot;background_background&quot;:&quot;classic&quot;}\">\n\t\t\t\t\t<div class=\"e-con-inner\">\n\t\t<div class=\"elementor-element elementor-element-d3daf1e e-flex e-con-boxed e-con e-child\" data-id=\"d3daf1e\" data-element_type=\"container\" data-e-type=\"container\" data-settings=\"{&quot;background_background&quot;:&quot;classic&quot;}\">\n\t\t\t\t\t<div class=\"e-con-inner\">\n\t\t\t\t<div class=\"elementor-element elementor-element-dbf88c7 elementor-icon-list--layout-inline elementor-align-center elementor-list-item-link-full_width elementor-widget elementor-widget-icon-list\" data-id=\"dbf88c7\" data-element_type=\"widget\" data-e-type=\"widget\" data-widget_type=\"icon-list.default\">\n\t\t\t\t<div class=\"elementor-widget-container\">\n\t\t\t\t\t\t\t<ul class=\"elementor-icon-list-items elementor-inline-items\">\n\t\t\t\t\t\t\t<li class=\"elementor-icon-list-item elementor-inline-item\">\n\t\t\t\t\t\t\t\t\t\t\t<a href=\"https:\/\/www.instagram.com\/grancafe1919\/\">\n\n\t\t\t\t\t\t\t\t\t\t\t\t<span class=\"elementor-icon-list-icon\">\n\t\t\t\t\t\t\t<svg aria-hidden=\"true\" class=\"e-font-icon-svg e-fab-instagram\" viewBox=\"0 0 448 512\" xmlns=\"http:\/\/www.w3.org\/2000\/svg\"><path d=\"M224.1 141c-63.6 0-114.9 51.3-114.9 114.9s51.3 114.9 114.9 114.9S339 319.5 339 255.9 287.7 141 224.1 141zm0 189.6c-41.1 0-74.7-33.5-74.7-74.7s33.5-74.7 74.7-74.7 74.7 33.5 74.7 74.7-33.6 74.7-74.7 74.7zm146.4-194.3c0 14.9-12 26.8-26.8 26.8-14.9 0-26.8-12-26.8-26.8s12-26.8 26.8-26.8 26.8 12 26.8 26.8zm76.1 27.2c-1.7-35.9-9.9-67.7-36.2-93.9-26.2-26.2-58-34.4-93.9-36.2-37-2.1-147.9-2.1-184.9 0-35.8 1.7-67.6 9.9-93.9 36.1s-34.4 58-36.2 93.9c-2.1 37-2.1 147.9 0 184.9 1.7 35.9 9.9 67.7 36.2 93.9s58 34.4 93.9 36.2c37 2.1 147.9 2.1 184.9 0 35.9-1.7 67.7-9.9 93.9-36.2 26.2-26.2 34.4-58 36.2-93.9 2.1-37 2.1-147.8 0-184.8zM398.8 388c-7.8 19.6-22.9 34.7-42.6 42.6-29.5 11.7-99.5 9-132.1 9s-102.7 2.6-132.1-9c-19.6-7.8-34.7-22.9-42.6-42.6-11.7-29.5-9-99.5-9-132.1s-2.6-102.7 9-132.1c7.8-19.6 22.9-34.7 42.6-42.6 29.5-11.7 99.5-9 132.1-9s102.7-2.6 132.1 9c19.6 7.8 34.7 22.9 42.6 42.6 11.7 29.5 9 99.5 9 132.1s2.7 102.7-9 132.1z\"><\/path><\/svg>\t\t\t\t\t\t<\/span>\n\t\t\t\t\t\t\t\t\t\t<span class=\"elementor-icon-list-text\"><\/span>\n\t\t\t\t\t\t\t\t\t\t\t<\/a>\n\t\t\t\t\t\t\t\t\t<\/li>\n\t\t\t\t\t\t\t\t<li class=\"elementor-icon-list-item elementor-inline-item\">\n\t\t\t\t\t\t\t\t\t\t\t<a href=\"https:\/\/www.facebook.com\/grancafe1919\/\">\n\n\t\t\t\t\t\t\t\t\t\t\t\t<span class=\"elementor-icon-list-icon\">\n\t\t\t\t\t\t\t<svg aria-hidden=\"true\" class=\"e-font-icon-svg e-fab-facebook\" viewBox=\"0 0 512 512\" xmlns=\"http:\/\/www.w3.org\/2000\/svg\"><path d=\"M504 256C504 119 393 8 256 8S8 119 8 256c0 123.78 90.69 226.38 209.25 245V327.69h-63V256h63v-54.64c0-62.15 37-96.48 93.67-96.48 27.14 0 55.52 4.84 55.52 4.84v61h-31.28c-30.8 0-40.41 19.12-40.41 38.73V256h68.78l-11 71.69h-57.78V501C413.31 482.38 504 379.78 504 256z\"><\/path><\/svg>\t\t\t\t\t\t<\/span>\n\t\t\t\t\t\t\t\t\t\t<span class=\"elementor-icon-list-text\"><\/span>\n\t\t\t\t\t\t\t\t\t\t\t<\/a>\n\t\t\t\t\t\t\t\t\t<\/li>\n\t\t\t\t\t\t\t\t<li class=\"elementor-icon-list-item elementor-inline-item\">\n\t\t\t\t\t\t\t\t\t\t\t<a href=\"https:\/\/www.tiktok.com\/@grancafe1919_\">\n\n\t\t\t\t\t\t\t\t\t\t\t\t<span class=\"elementor-icon-list-icon\">\n\t\t\t\t\t\t\t<svg aria-hidden=\"true\" class=\"e-font-icon-svg e-fab-tiktok\" viewBox=\"0 0 448 512\" xmlns=\"http:\/\/www.w3.org\/2000\/svg\"><path d=\"M448,209.91a210.06,210.06,0,0,1-122.77-39.25V349.38A162.55,162.55,0,1,1,185,188.31V278.2a74.62,74.62,0,1,0,52.23,71.18V0l88,0a121.18,121.18,0,0,0,1.86,22.17h0A122.18,122.18,0,0,0,381,102.39a121.43,121.43,0,0,0,67,20.14Z\"><\/path><\/svg>\t\t\t\t\t\t<\/span>\n\t\t\t\t\t\t\t\t\t\t<span class=\"elementor-icon-list-text\"><\/span>\n\t\t\t\t\t\t\t\t\t\t\t<\/a>\n\t\t\t\t\t\t\t\t\t<\/li>\n\t\t\t\t\t\t<\/ul>\n\t\t\t\t\t\t<\/div>\n\t\t\t\t<\/div>\n\t\t\t\t<div class=\"elementor-element elementor-element-796e4b1 elementor-widget elementor-widget-text-editor\" data-id=\"796e4b1\" data-element_type=\"widget\" data-e-type=\"widget\" data-widget_type=\"text-editor.default\">\n\t\t\t\t<div class=\"elementor-widget-container\">\n\t\t\t\t\t\t\t\t\t<p data-start=\"183\" data-end=\"406\">Folge uns in den sozialen Medien, um nichts zu verpassen<\/p>\t\t\t\t\t\t\t\t<\/div>\n\t\t\t\t<\/div>\n\t\t\t\t<div class=\"elementor-element elementor-element-373e471 elementor-widget elementor-widget-button\" data-id=\"373e471\" data-element_type=\"widget\" data-e-type=\"widget\" data-widget_type=\"button.default\">\n\t\t\t\t<div class=\"elementor-widget-container\">\n\t\t\t\t\t\t\t\t\t<div class=\"elementor-button-wrapper\">\n\t\t\t\t\t<a class=\"elementor-button elementor-button-link elementor-size-sm\" href=\"https:\/\/grancafe1919.com\/\">\n\t\t\t\t\t\t<span class=\"elementor-button-content-wrapper\">\n\t\t\t\t\t\t\t\t\t<span class=\"elementor-button-text\">Besuche unsere neue Website und reserviere<\/span>\n\t\t\t\t\t<\/span>\n\t\t\t\t\t<\/a>\n\t\t\t\t<\/div>\n\t\t\t\t\t\t\t\t<\/div>\n\t\t\t\t<\/div>\n\t\t\t\t<div class=\"elementor-element elementor-element-ccdb1d4 elementor-widget elementor-widget-text-editor\" data-id=\"ccdb1d4\" data-element_type=\"widget\" data-e-type=\"widget\" data-widget_type=\"text-editor.default\">\n\t\t\t\t<div class=\"elementor-widget-container\">\n\t\t\t\t\t\t\t\t\t<p data-start=\"183\" data-end=\"406\">Nach einer unglaublichen Etappe entwickelt sich Gaikan weiter und wird zu Gran Caf\u00e9 1919.<br data-start=\"271\" data-end=\"274\">Wir behalten die Essenz, die uns ausmacht, bei, aber mit einer neuen Identit\u00e4t, einem erneuerten Konzept und gro\u00dfer Lust, dich weiterhin zu \u00fcberraschen.<\/p><p data-start=\"408\" data-end=\"497\">Wir laden dich ein, alles Neue zu entdecken, das wir vorbereitet haben: Speisekarte, Raum und Erlebnis.<\/p>\t\t\t\t\t\t\t\t<\/div>\n\t\t\t\t<\/div>\n\t\t\t\t<div class=\"elementor-element elementor-element-600ab29 elementor-widget elementor-widget-heading\" data-id=\"600ab29\" data-element_type=\"widget\" data-e-type=\"widget\" data-widget_type=\"heading.default\">\n\t\t\t\t<div class=\"elementor-widget-container\">\n\t\t\t\t\t<h2 class=\"elementor-heading-title elementor-size-default\">Gaikan ist jetzt Gran Caf\u00e9 1919<\/h2>\t\t\t\t<\/div>\n\t\t\t\t<\/div>\n\t\t\t\t\t<\/div>\n\t\t\t\t<\/div>\n\t\t\t\t\t<\/div>\n\t\t\t\t<\/div>\n\t\t\t\t<\/div>\n\t\t","protected":false},"excerpt":{"rendered":"<p>Folge uns in den sozialen Medien, um nichts zu verpassen Besuche unsere neue Website und reserviere Nach einer unglaublichen Etappe entwickelt sich Gaikan weiter und wird zu Gran Caf\u00e9 1919.Wir behalten die Essenz, die uns ausmacht, bei, aber mit einer neuen Identit\u00e4t, einem erneuerten Konzept und gro\u00dfer Lust, dich weiterhin zu \u00fcberraschen. Wir laden dich [&hellip;]<\/p>\n","protected":false},"author":1,"featured_media":0,"parent":0,"menu_order":0,"comment_status":"closed","ping_status":"closed","template":"elementor_canvas","meta":{"footnotes":""},"class_list":["post-3790","page","type-page","status-publish","hentry"],"yoast_head":"<!-- This site is optimized with the Yoast SEO plugin v27.4 - https:\/\/yoast.com\/product\/yoast-seo-wordpress\/ -->\n<title>Neue Marke - Gaikan<\/title>\n<meta name=\"robots\" content=\"index, follow, max-snippet:-1, max-image-preview:large, max-video-preview:-1\" \/>\n<link rel=\"canonical\" href=\"https:\/\/gaikanrestaurant.com\/de\/\" \/>\n<meta property=\"og:locale\" content=\"de_DE\" \/>\n<meta property=\"og:type\" content=\"article\" \/>\n<meta property=\"og:title\" content=\"Neue Marke - Gaikan\" \/>\n<meta property=\"og:description\" content=\"Folge uns in den sozialen Medien, um nichts zu verpassen Besuche unsere neue Website und reserviere Nach einer unglaublichen Etappe entwickelt sich Gaikan weiter und wird zu Gran Caf\u00e9 1919.Wir behalten die Essenz, die uns ausmacht, bei, aber mit einer neuen Identit\u00e4t, einem erneuerten Konzept und gro\u00dfer Lust, dich weiterhin zu \u00fcberraschen. Wir laden dich [&hellip;]\" \/>\n<meta property=\"og:url\" content=\"https:\/\/gaikanrestaurant.com\/de\/\" \/>\n<meta property=\"og:site_name\" content=\"Gaikan\" \/>\n<meta property=\"article:modified_time\" content=\"2026-04-17T09:49:25+00:00\" \/>\n<meta name=\"twitter:card\" content=\"summary_large_image\" \/>\n<script type=\"application\/ld+json\" class=\"yoast-schema-graph\">{\"@context\":\"https:\\\/\\\/schema.org\",\"@graph\":[{\"@type\":\"WebPage\",\"@id\":\"https:\\\/\\\/gaikanrestaurant.com\\\/de\\\/\",\"url\":\"https:\\\/\\\/gaikanrestaurant.com\\\/de\\\/\",\"name\":\"Neue Marke - Gaikan\",\"isPartOf\":{\"@id\":\"https:\\\/\\\/gaikanrestaurant.com\\\/de\\\/#website\"},\"datePublished\":\"2026-04-17T09:49:24+00:00\",\"dateModified\":\"2026-04-17T09:49:25+00:00\",\"breadcrumb\":{\"@id\":\"https:\\\/\\\/gaikanrestaurant.com\\\/de\\\/#breadcrumb\"},\"inLanguage\":\"de\",\"potentialAction\":[{\"@type\":\"ReadAction\",\"target\":[\"https:\\\/\\\/gaikanrestaurant.com\\\/de\\\/\"]}]},{\"@type\":\"BreadcrumbList\",\"@id\":\"https:\\\/\\\/gaikanrestaurant.com\\\/de\\\/#breadcrumb\",\"itemListElement\":[{\"@type\":\"ListItem\",\"position\":1,\"name\":\"Portada\",\"item\":\"https:\\\/\\\/gaikanrestaurant.com\\\/de\\\/neue-marke\\\/\"},{\"@type\":\"ListItem\",\"position\":2,\"name\":\"Neue Marke\"}]},{\"@type\":\"WebSite\",\"@id\":\"https:\\\/\\\/gaikanrestaurant.com\\\/de\\\/#website\",\"url\":\"https:\\\/\\\/gaikanrestaurant.com\\\/de\\\/\",\"name\":\"Gaikan\",\"description\":\"\",\"publisher\":{\"@id\":\"https:\\\/\\\/gaikanrestaurant.com\\\/de\\\/#organization\"},\"potentialAction\":[{\"@type\":\"SearchAction\",\"target\":{\"@type\":\"EntryPoint\",\"urlTemplate\":\"https:\\\/\\\/gaikanrestaurant.com\\\/de\\\/?s={search_term_string}\"},\"query-input\":{\"@type\":\"PropertyValueSpecification\",\"valueRequired\":true,\"valueName\":\"search_term_string\"}}],\"inLanguage\":\"de\"},{\"@type\":\"Organization\",\"@id\":\"https:\\\/\\\/gaikanrestaurant.com\\\/de\\\/#organization\",\"name\":\"Gaikan\",\"url\":\"https:\\\/\\\/gaikanrestaurant.com\\\/de\\\/\",\"logo\":{\"@type\":\"ImageObject\",\"inLanguage\":\"de\",\"@id\":\"https:\\\/\\\/gaikanrestaurant.com\\\/de\\\/#\\\/schema\\\/logo\\\/image\\\/\",\"url\":\"https:\\\/\\\/gaikanrestaurant.com\\\/wp-content\\\/uploads\\\/2025\\\/04\\\/gaikantransbeige-solo-GAIKAN-1.png\",\"contentUrl\":\"https:\\\/\\\/gaikanrestaurant.com\\\/wp-content\\\/uploads\\\/2025\\\/04\\\/gaikantransbeige-solo-GAIKAN-1.png\",\"width\":700,\"height\":116,\"caption\":\"Gaikan\"},\"image\":{\"@id\":\"https:\\\/\\\/gaikanrestaurant.com\\\/de\\\/#\\\/schema\\\/logo\\\/image\\\/\"}}]}<\/script>\n<!-- \/ Yoast SEO plugin. -->","yoast_head_json":{"title":"Neue Marke - Gaikan","robots":{"index":"index","follow":"follow","max-snippet":"max-snippet:-1","max-image-preview":"max-image-preview:large","max-video-preview":"max-video-preview:-1"},"canonical":"https:\/\/gaikanrestaurant.com\/de\/","og_locale":"de_DE","og_type":"article","og_title":"Neue Marke - Gaikan","og_description":"Folge uns in den sozialen Medien, um nichts zu verpassen Besuche unsere neue Website und reserviere Nach einer unglaublichen Etappe entwickelt sich Gaikan weiter und wird zu Gran Caf\u00e9 1919.Wir behalten die Essenz, die uns ausmacht, bei, aber mit einer neuen Identit\u00e4t, einem erneuerten Konzept und gro\u00dfer Lust, dich weiterhin zu \u00fcberraschen. Wir laden dich [&hellip;]","og_url":"https:\/\/gaikanrestaurant.com\/de\/","og_site_name":"Gaikan","article_modified_time":"2026-04-17T09:49:25+00:00","twitter_card":"summary_large_image","schema":{"@context":"https:\/\/schema.org","@graph":[{"@type":"WebPage","@id":"https:\/\/gaikanrestaurant.com\/de\/","url":"https:\/\/gaikanrestaurant.com\/de\/","name":"Neue Marke - Gaikan","isPartOf":{"@id":"https:\/\/gaikanrestaurant.com\/de\/#website"},"datePublished":"2026-04-17T09:49:24+00:00","dateModified":"2026-04-17T09:49:25+00:00","breadcrumb":{"@id":"https:\/\/gaikanrestaurant.com\/de\/#breadcrumb"},"inLanguage":"de","potentialAction":[{"@type":"ReadAction","target":["https:\/\/gaikanrestaurant.com\/de\/"]}]},{"@type":"BreadcrumbList","@id":"https:\/\/gaikanrestaurant.com\/de\/#breadcrumb","itemListElement":[{"@type":"ListItem","position":1,"name":"Portada","item":"https:\/\/gaikanrestaurant.com\/de\/neue-marke\/"},{"@type":"ListItem","position":2,"name":"Neue Marke"}]},{"@type":"WebSite","@id":"https:\/\/gaikanrestaurant.com\/de\/#website","url":"https:\/\/gaikanrestaurant.com\/de\/","name":"Gaikan","description":"","publisher":{"@id":"https:\/\/gaikanrestaurant.com\/de\/#organization"},"potentialAction":[{"@type":"SearchAction","target":{"@type":"EntryPoint","urlTemplate":"https:\/\/gaikanrestaurant.com\/de\/?s={search_term_string}"},"query-input":{"@type":"PropertyValueSpecification","valueRequired":true,"valueName":"search_term_string"}}],"inLanguage":"de"},{"@type":"Organization","@id":"https:\/\/gaikanrestaurant.com\/de\/#organization","name":"Gaikan","url":"https:\/\/gaikanrestaurant.com\/de\/","logo":{"@type":"ImageObject","inLanguage":"de","@id":"https:\/\/gaikanrestaurant.com\/de\/#\/schema\/logo\/image\/","url":"https:\/\/gaikanrestaurant.com\/wp-content\/uploads\/2025\/04\/gaikantransbeige-solo-GAIKAN-1.png","contentUrl":"https:\/\/gaikanrestaurant.com\/wp-content\/uploads\/2025\/04\/gaikantransbeige-solo-GAIKAN-1.png","width":700,"height":116,"caption":"Gaikan"},"image":{"@id":"https:\/\/gaikanrestaurant.com\/de\/#\/schema\/logo\/image\/"}}]}},"_links":{"self":[{"href":"https:\/\/gaikanrestaurant.com\/de\/wp-json\/wp\/v2\/pages\/3790","targetHints":{"allow":["GET"]}}],"collection":[{"href":"https:\/\/gaikanrestaurant.com\/de\/wp-json\/wp\/v2\/pages"}],"about":[{"href":"https:\/\/gaikanrestaurant.com\/de\/wp-json\/wp\/v2\/types\/page"}],"author":[{"embeddable":true,"href":"https:\/\/gaikanrestaurant.com\/de\/wp-json\/wp\/v2\/users\/1"}],"replies":[{"embeddable":true,"href":"https:\/\/gaikanrestaurant.com\/de\/wp-json\/wp\/v2\/comments?post=3790"}],"version-history":[{"count":1,"href":"https:\/\/gaikanrestaurant.com\/de\/wp-json\/wp\/v2\/pages\/3790\/revisions"}],"predecessor-version":[{"id":3791,"href":"https:\/\/gaikanrestaurant.com\/de\/wp-json\/wp\/v2\/pages\/3790\/revisions\/3791"}],"wp:attachment":[{"href":"https:\/\/gaikanrestaurant.com\/de\/wp-json\/wp\/v2\/media?parent=3790"}],"curies":[{"name":"wp","href":"https:\/\/api.w.org\/{rel}","templated":true}]}}