{"id":2025,"date":"2025-04-15T10:39:14","date_gmt":"2025-04-15T08:39:14","guid":{"rendered":"https:\/\/gaikanrestaurant.com\/bedingungen-und-konditionen\/"},"modified":"2025-08-18T15:18:52","modified_gmt":"2025-08-18T13:18:52","slug":"bedingungen-und-konditionen","status":"publish","type":"page","link":"https:\/\/gaikanrestaurant.com\/de\/bedingungen-und-konditionen\/","title":{"rendered":"Bedingungen und Konditionen"},"content":{"rendered":"\t\t<div data-elementor-type=\"wp-page\" data-elementor-id=\"2025\" class=\"elementor elementor-2025 elementor-102\" data-elementor-post-type=\"page\">\n\t\t\t\t<div class=\"elementor-element elementor-element-8532d4a e-flex e-con-boxed e-con e-parent\" data-id=\"8532d4a\" data-element_type=\"container\" data-e-type=\"container\">\n\t\t\t\t\t<div class=\"e-con-inner\">\n\t\t\t\t<div class=\"elementor-element elementor-element-3b13346 elementor-widget elementor-widget-heading\" data-id=\"3b13346\" data-element_type=\"widget\" data-e-type=\"widget\" data-widget_type=\"heading.default\">\n\t\t\t\t<div class=\"elementor-widget-container\">\n\t\t\t\t\t<h2 class=\"elementor-heading-title elementor-size-default\">BEDINGUNGEN UND KONDITIONEN<\/h2>\t\t\t\t<\/div>\n\t\t\t\t<\/div>\n\t\t\t\t<div class=\"elementor-element elementor-element-ffc2e06 elementor-widget elementor-widget-text-editor\" data-id=\"ffc2e06\" data-element_type=\"widget\" data-e-type=\"widget\" data-widget_type=\"text-editor.default\">\n\t\t\t\t<div class=\"elementor-widget-container\">\n\t\t\t\t\t\t\t\t\t<div data-id=\"2b93438\" data-element_type=\"widget\" data-widget_type=\"text-editor.default\"><div><h6>DENTIFIKATION UND DEFINITIONEN<\/h6><p>Die vorliegenden allgemeinen Vertragsbedingungen gelten f\u00fcr alle gesch\u00e4ftlichen Transaktionen, die \u00fcber die Website <a href=\"https:\/\/gaikanrestaurant.com\/de\/\">https:\/\/gaikanrestaurant.com, eine<\/a> Domain von Gesti\u00f3n y AVIJO SL, mit CIF B07611379 und der Adresse Avda S&#8217;Albufera 23 Platja de Muro 07458, im Folgenden DER EIGENT\u00dcMER, get\u00e4tigt werden.<\/p><p>Diese allgemeinen Gesch\u00e4ftsbedingungen (im Folgenden der \u201eVertrag\u201c) regeln den Vertrag, der zwischen DEM INHABER und der nat\u00fcrlichen oder juristischen Person, die eine Bestellung \u00fcber die Website <a href=\"https:\/\/gaikanrestaurant.com\/de\/\">https:\/\/gaikanrestaurant.com<\/a> aufgibt (im Folgenden der \u201eKunde\u201c), zu den in diesem Vertrag festgelegten Bedingungen geschlossen wird.<\/p><p>Der Kunde akzeptiert ausdr\u00fccklich, vollst\u00e4ndig und vorbehaltlos jede einzelne Klausel dieses Vertrags.<\/p><p>Der Kunde geht davon aus, dass die auf der Website enthaltenen Informationen, wie die allgemeinen Vertragsbedingungen und der Vertragsabschluss, f\u00fcr den Ausschluss von Irrt\u00fcmern beim Zustandekommen der Zustimmung ausreichend und ausreichend sind.<\/p><p>Der Kunde akzeptiert die Verwendung der \u00fcber das Anmeldeformular in unserem System erfassten Daten, um die korrekte Bearbeitung der erteilten Auftr\u00e4ge zu gew\u00e4hrleisten (Adresse, Telefon, E-Mail, usw.).<\/p><h6>AKTIVIT\u00c4T<\/h6><p><a href=\"https:\/\/gaikanrestaurant.com\/de\/\">https:\/\/gaikanrestaurant.com\/,<\/a> widmet sich dem Catering und dem Fernabsatz von Gutscheinen oder Lebensmittelprodukten.<\/p><h6>INHALT UND INFORMATIONEN AUF DER WEBSITE<\/h6><p><a href=\"https:\/\/gaikanrestaurant.com\/de\/\">https:\/\/gaikanrestaurant.com\/<\/a> beh\u00e4lt sich das Recht vor, das auf seiner Website pr\u00e4sentierte kommerzielle Angebot zu \u00e4ndern (\u00c4nderungen der Produkte, Preise, Werbeaktionen und anderer kommerzieller Bedingungen und Dienstleistungen).<\/p><p>Der Preis unserer Artikel ist immer der auf unserer Website angegebene Preis. Wenn bei der Einf\u00fchrung des Preises ein Fehler festgestellt wird, der au\u00dferhalb der Kontrolle von zaranda.es liegt, wird er automatisch korrigiert. Im Falle einer Stornierung wird der gezahlte Betrag an den Kunden zur\u00fcckerstattet. Ohne die ausdr\u00fcckliche Zustimmung des Kunden zu den korrekten Bedingungen wird der Gutschein nicht bearbeitet.   <\/p><p>Die zum Verkauf angebotenen Produkte oder Gutscheine werden so genau wie m\u00f6glich dargestellt.<\/p><h6>VERKAUFSSYSTEM<\/h6><p>Um einen Kauf zu t\u00e4tigen, muss der Kunde einfach eines unserer Degustationsmen\u00fcs ausw\u00e4hlen, dann auf das gew\u00fcnschte Produkt klicken. Sobald Sie sich im Produkt befinden, erscheint unten eine Leiste, in der Sie die gew\u00fcnschten Erg\u00e4nzungen zum Gutschein ausw\u00e4hlen, den Betrag in den Warenkorb legen und mit der Zahlung fortfahren k\u00f6nnen, wobei jeder Gutschein oder jedes Produkt die Mehrwertsteuer enth\u00e4lt.<\/p><h6>ART DER BEZAHLUNG<\/h6><p>Der Kunde kann auf der Seite Zahlungsmethode sicher per Kreditkarte bezahlen.<\/p><p>Die Bezahlung \u00fcber gaikanrestaurant.com ist durch SSL-Verschl\u00fcsselung absolut sicher. F\u00fcr die Kartenzahlung wird der Kunde zum Zahlungssystem weitergeleitet, wo er seine Kartendaten in einer absolut sicheren Umgebung eingeben kann. <\/p><p>gaikanrestaurant.com beh\u00e4lt sich das Recht vor, die Lieferung einer Bestellung eines Kunden zu verweigern, der eine fr\u00fchere Bestellung ganz oder teilweise nicht bezahlt hat oder mit dem ein aktiver Zahlungsstreit besteht, sowie jede Bestellung, bei der es Hinweise auf Zahlungsbetrug gibt oder deren Zahlung nicht formalisiert wurde.<\/p><p>Alle unsere Bestellungen unterliegen der Zahlungspflicht.<\/p><h6>R\u00dcCKGABE- ODER STORNIERUNGSBEDINGUNGEN VON GAIKANRESTAURANT.COM<\/h6><p>Sobald die Bestellung aufgegeben wurde, und da es sich um einen Geldwert handelt, kann gaikanrestaurant.com keine R\u00fcckerstattung vornehmen und der wirtschaftliche Wert des Gutscheins bleibt unbegrenzt erhalten. gaikanrestaurant.com beh\u00e4lt sich das Recht vor, eine Bestellung zu stornieren, wenn der Kunde bel\u00e4stigt wird, sei es per Telefon, E-Mail oder durch Beleidigungen in Beitr\u00e4gen auf anderen Websites oder auf den von gaikanrestaurant.com genutzten Plattformen.<\/p><\/div><\/div><div data-id=\"b76b8d8\" data-element_type=\"widget\" data-widget_type=\"divider.default\"><div><div> <\/div><\/div><\/div>\t\t\t\t\t\t\t\t<\/div>\n\t\t\t\t<\/div>\n\t\t\t\t\t<\/div>\n\t\t\t\t<\/div>\n\t\t\t\t<\/div>\n\t\t","protected":false},"excerpt":{"rendered":"<p>BEDINGUNGEN UND KONDITIONEN DENTIFIKATION UND DEFINITIONEN Die vorliegenden allgemeinen Vertragsbedingungen gelten f\u00fcr alle gesch\u00e4ftlichen Transaktionen, die \u00fcber die Website https:\/\/gaikanrestaurant.com, eine Domain von Gesti\u00f3n y AVIJO SL, mit CIF B07611379 und der Adresse Avda S&#8217;Albufera 23 Platja de Muro 07458, im Folgenden DER EIGENT\u00dcMER, get\u00e4tigt werden. Diese allgemeinen Gesch\u00e4ftsbedingungen (im Folgenden der \u201eVertrag\u201c) regeln den [&hellip;]<\/p>\n","protected":false},"author":1,"featured_media":0,"parent":0,"menu_order":0,"comment_status":"closed","ping_status":"closed","template":"elementor_header_footer","meta":{"footnotes":""},"class_list":["post-2025","page","type-page","status-publish","hentry"],"yoast_head":"<!-- This site is optimized with the Yoast SEO plugin v27.4 - https:\/\/yoast.com\/product\/yoast-seo-wordpress\/ -->\n<title>Bedingungen und Konditionen - Gaikan<\/title>\n<meta name=\"robots\" content=\"noindex, follow\" \/>\n<meta property=\"og:locale\" content=\"de_DE\" \/>\n<meta property=\"og:type\" content=\"article\" \/>\n<meta property=\"og:title\" content=\"Bedingungen und Konditionen - Gaikan\" \/>\n<meta property=\"og:description\" content=\"BEDINGUNGEN UND KONDITIONEN DENTIFIKATION UND DEFINITIONEN Die vorliegenden allgemeinen Vertragsbedingungen gelten f\u00fcr alle gesch\u00e4ftlichen Transaktionen, die \u00fcber die Website https:\/\/gaikanrestaurant.com, eine Domain von Gesti\u00f3n y AVIJO SL, mit CIF B07611379 und der Adresse Avda S&#8217;Albufera 23 Platja de Muro 07458, im Folgenden DER EIGENT\u00dcMER, get\u00e4tigt werden. Diese allgemeinen Gesch\u00e4ftsbedingungen (im Folgenden der \u201eVertrag\u201c) regeln den [&hellip;]\" \/>\n<meta property=\"og:url\" content=\"https:\/\/gaikanrestaurant.com\/de\/bedingungen-und-konditionen\/\" \/>\n<meta property=\"og:site_name\" content=\"Gaikan\" \/>\n<meta property=\"article:modified_time\" content=\"2025-08-18T13:18:52+00:00\" \/>\n<meta name=\"twitter:card\" content=\"summary_large_image\" \/>\n<meta name=\"twitter:label1\" content=\"Gesch\u00e4tzte Lesezeit\" \/>\n\t<meta name=\"twitter:data1\" content=\"3\u00a0Minuten\" \/>\n<script type=\"application\/ld+json\" class=\"yoast-schema-graph\">{\"@context\":\"https:\\\/\\\/schema.org\",\"@graph\":[{\"@type\":\"WebPage\",\"@id\":\"https:\\\/\\\/gaikanrestaurant.com\\\/de\\\/bedingungen-und-konditionen\\\/\",\"url\":\"https:\\\/\\\/gaikanrestaurant.com\\\/de\\\/bedingungen-und-konditionen\\\/\",\"name\":\"Bedingungen und Konditionen - Gaikan\",\"isPartOf\":{\"@id\":\"https:\\\/\\\/gaikanrestaurant.com\\\/de\\\/#website\"},\"datePublished\":\"2025-04-15T08:39:14+00:00\",\"dateModified\":\"2025-08-18T13:18:52+00:00\",\"breadcrumb\":{\"@id\":\"https:\\\/\\\/gaikanrestaurant.com\\\/de\\\/bedingungen-und-konditionen\\\/#breadcrumb\"},\"inLanguage\":\"de\",\"potentialAction\":[{\"@type\":\"ReadAction\",\"target\":[\"https:\\\/\\\/gaikanrestaurant.com\\\/de\\\/bedingungen-und-konditionen\\\/\"]}]},{\"@type\":\"BreadcrumbList\",\"@id\":\"https:\\\/\\\/gaikanrestaurant.com\\\/de\\\/bedingungen-und-konditionen\\\/#breadcrumb\",\"itemListElement\":[{\"@type\":\"ListItem\",\"position\":1,\"name\":\"Portada\",\"item\":\"https:\\\/\\\/gaikanrestaurant.com\\\/de\\\/neue-marke\\\/\"},{\"@type\":\"ListItem\",\"position\":2,\"name\":\"Bedingungen und Konditionen\"}]},{\"@type\":\"WebSite\",\"@id\":\"https:\\\/\\\/gaikanrestaurant.com\\\/de\\\/#website\",\"url\":\"https:\\\/\\\/gaikanrestaurant.com\\\/de\\\/\",\"name\":\"Gaikan\",\"description\":\"\",\"publisher\":{\"@id\":\"https:\\\/\\\/gaikanrestaurant.com\\\/de\\\/#organization\"},\"potentialAction\":[{\"@type\":\"SearchAction\",\"target\":{\"@type\":\"EntryPoint\",\"urlTemplate\":\"https:\\\/\\\/gaikanrestaurant.com\\\/de\\\/?s={search_term_string}\"},\"query-input\":{\"@type\":\"PropertyValueSpecification\",\"valueRequired\":true,\"valueName\":\"search_term_string\"}}],\"inLanguage\":\"de\"},{\"@type\":\"Organization\",\"@id\":\"https:\\\/\\\/gaikanrestaurant.com\\\/de\\\/#organization\",\"name\":\"Gaikan\",\"url\":\"https:\\\/\\\/gaikanrestaurant.com\\\/de\\\/\",\"logo\":{\"@type\":\"ImageObject\",\"inLanguage\":\"de\",\"@id\":\"https:\\\/\\\/gaikanrestaurant.com\\\/de\\\/#\\\/schema\\\/logo\\\/image\\\/\",\"url\":\"https:\\\/\\\/gaikanrestaurant.com\\\/wp-content\\\/uploads\\\/2025\\\/04\\\/gaikantransbeige-solo-GAIKAN-1.png\",\"contentUrl\":\"https:\\\/\\\/gaikanrestaurant.com\\\/wp-content\\\/uploads\\\/2025\\\/04\\\/gaikantransbeige-solo-GAIKAN-1.png\",\"width\":700,\"height\":116,\"caption\":\"Gaikan\"},\"image\":{\"@id\":\"https:\\\/\\\/gaikanrestaurant.com\\\/de\\\/#\\\/schema\\\/logo\\\/image\\\/\"}}]}<\/script>\n<!-- \/ Yoast SEO plugin. -->","yoast_head_json":{"title":"Bedingungen und Konditionen - Gaikan","robots":{"index":"noindex","follow":"follow"},"og_locale":"de_DE","og_type":"article","og_title":"Bedingungen und Konditionen - Gaikan","og_description":"BEDINGUNGEN UND KONDITIONEN DENTIFIKATION UND DEFINITIONEN Die vorliegenden allgemeinen Vertragsbedingungen gelten f\u00fcr alle gesch\u00e4ftlichen Transaktionen, die \u00fcber die Website https:\/\/gaikanrestaurant.com, eine Domain von Gesti\u00f3n y AVIJO SL, mit CIF B07611379 und der Adresse Avda S&#8217;Albufera 23 Platja de Muro 07458, im Folgenden DER EIGENT\u00dcMER, get\u00e4tigt werden. Diese allgemeinen Gesch\u00e4ftsbedingungen (im Folgenden der \u201eVertrag\u201c) regeln den [&hellip;]","og_url":"https:\/\/gaikanrestaurant.com\/de\/bedingungen-und-konditionen\/","og_site_name":"Gaikan","article_modified_time":"2025-08-18T13:18:52+00:00","twitter_card":"summary_large_image","twitter_misc":{"Gesch\u00e4tzte Lesezeit":"3\u00a0Minuten"},"schema":{"@context":"https:\/\/schema.org","@graph":[{"@type":"WebPage","@id":"https:\/\/gaikanrestaurant.com\/de\/bedingungen-und-konditionen\/","url":"https:\/\/gaikanrestaurant.com\/de\/bedingungen-und-konditionen\/","name":"Bedingungen und Konditionen - Gaikan","isPartOf":{"@id":"https:\/\/gaikanrestaurant.com\/de\/#website"},"datePublished":"2025-04-15T08:39:14+00:00","dateModified":"2025-08-18T13:18:52+00:00","breadcrumb":{"@id":"https:\/\/gaikanrestaurant.com\/de\/bedingungen-und-konditionen\/#breadcrumb"},"inLanguage":"de","potentialAction":[{"@type":"ReadAction","target":["https:\/\/gaikanrestaurant.com\/de\/bedingungen-und-konditionen\/"]}]},{"@type":"BreadcrumbList","@id":"https:\/\/gaikanrestaurant.com\/de\/bedingungen-und-konditionen\/#breadcrumb","itemListElement":[{"@type":"ListItem","position":1,"name":"Portada","item":"https:\/\/gaikanrestaurant.com\/de\/neue-marke\/"},{"@type":"ListItem","position":2,"name":"Bedingungen und Konditionen"}]},{"@type":"WebSite","@id":"https:\/\/gaikanrestaurant.com\/de\/#website","url":"https:\/\/gaikanrestaurant.com\/de\/","name":"Gaikan","description":"","publisher":{"@id":"https:\/\/gaikanrestaurant.com\/de\/#organization"},"potentialAction":[{"@type":"SearchAction","target":{"@type":"EntryPoint","urlTemplate":"https:\/\/gaikanrestaurant.com\/de\/?s={search_term_string}"},"query-input":{"@type":"PropertyValueSpecification","valueRequired":true,"valueName":"search_term_string"}}],"inLanguage":"de"},{"@type":"Organization","@id":"https:\/\/gaikanrestaurant.com\/de\/#organization","name":"Gaikan","url":"https:\/\/gaikanrestaurant.com\/de\/","logo":{"@type":"ImageObject","inLanguage":"de","@id":"https:\/\/gaikanrestaurant.com\/de\/#\/schema\/logo\/image\/","url":"https:\/\/gaikanrestaurant.com\/wp-content\/uploads\/2025\/04\/gaikantransbeige-solo-GAIKAN-1.png","contentUrl":"https:\/\/gaikanrestaurant.com\/wp-content\/uploads\/2025\/04\/gaikantransbeige-solo-GAIKAN-1.png","width":700,"height":116,"caption":"Gaikan"},"image":{"@id":"https:\/\/gaikanrestaurant.com\/de\/#\/schema\/logo\/image\/"}}]}},"_links":{"self":[{"href":"https:\/\/gaikanrestaurant.com\/de\/wp-json\/wp\/v2\/pages\/2025","targetHints":{"allow":["GET"]}}],"collection":[{"href":"https:\/\/gaikanrestaurant.com\/de\/wp-json\/wp\/v2\/pages"}],"about":[{"href":"https:\/\/gaikanrestaurant.com\/de\/wp-json\/wp\/v2\/types\/page"}],"author":[{"embeddable":true,"href":"https:\/\/gaikanrestaurant.com\/de\/wp-json\/wp\/v2\/users\/1"}],"replies":[{"embeddable":true,"href":"https:\/\/gaikanrestaurant.com\/de\/wp-json\/wp\/v2\/comments?post=2025"}],"version-history":[{"count":2,"href":"https:\/\/gaikanrestaurant.com\/de\/wp-json\/wp\/v2\/pages\/2025\/revisions"}],"predecessor-version":[{"id":3453,"href":"https:\/\/gaikanrestaurant.com\/de\/wp-json\/wp\/v2\/pages\/2025\/revisions\/3453"}],"wp:attachment":[{"href":"https:\/\/gaikanrestaurant.com\/de\/wp-json\/wp\/v2\/media?parent=2025"}],"curies":[{"name":"wp","href":"https:\/\/api.w.org\/{rel}","templated":true}]}}