{"id":2019,"date":"2025-04-15T10:39:14","date_gmt":"2025-04-15T08:39:14","guid":{"rendered":"https:\/\/gaikanrestaurant.com\/termes-i-condicions\/"},"modified":"2025-08-18T15:16:48","modified_gmt":"2025-08-18T13:16:48","slug":"termes-i-condicions","status":"publish","type":"page","link":"https:\/\/gaikanrestaurant.com\/ca\/termes-i-condicions\/","title":{"rendered":"Termes i condicions"},"content":{"rendered":"\t\t<div data-elementor-type=\"wp-page\" data-elementor-id=\"2019\" class=\"elementor elementor-2019 elementor-102\" data-elementor-post-type=\"page\">\n\t\t\t\t<div class=\"elementor-element elementor-element-8532d4a e-flex e-con-boxed e-con e-parent\" data-id=\"8532d4a\" data-element_type=\"container\" data-e-type=\"container\">\n\t\t\t\t\t<div class=\"e-con-inner\">\n\t\t\t\t<div class=\"elementor-element elementor-element-3b13346 elementor-widget elementor-widget-heading\" data-id=\"3b13346\" data-element_type=\"widget\" data-e-type=\"widget\" data-widget_type=\"heading.default\">\n\t\t\t\t<div class=\"elementor-widget-container\">\n\t\t\t\t\t<h2 class=\"elementor-heading-title elementor-size-default\">TERMES I CONDICIONS<\/h2>\t\t\t\t<\/div>\n\t\t\t\t<\/div>\n\t\t\t\t<div class=\"elementor-element elementor-element-ffc2e06 elementor-widget elementor-widget-text-editor\" data-id=\"ffc2e06\" data-element_type=\"widget\" data-e-type=\"widget\" data-widget_type=\"text-editor.default\">\n\t\t\t\t<div class=\"elementor-widget-container\">\n\t\t\t\t\t\t\t\t\t<div data-id=\"2b93438\" data-element_type=\"widget\" data-widget_type=\"text-editor.default\"><div><h6>DENTIFICACI\u00d3 I DEFINICIONS<\/h6><p>Les presents condicions generals de contractaci\u00f3 s \u201capliquen a totes les transaccions comercials realitzades a trav\u00e9s de la p\u00e0gina web <a href=\"https:\/\/gaikanrestaurant.com\/ca\/\">https:\/\/gaikanrestaurant.com<\/a> , domini del qual \u00e9s titular Gesti\u00f3 i AVIJO SL, amb CIF B07611379 i domicili a Avda S\u201d Albufera 23 Platja de Muro 07458 en endavant EL TITU.<\/p><p>Aquestes condicions generals (d&#8217;ara endavant el \u201cContracte\u201d) regulen el contracte establert entre EL TITULAR i la persona o entitat que realitza una comanda a trav\u00e9s de la p\u00e0gina web <a href=\"https:\/\/gaikanrestaurant.com\/ca\/\">https:\/\/gaikanrestaurant.com<\/a> (d&#8217;ara endavant el \u201cclient\u201d), en els termes que s&#8217;estableixen en aquest Contracte.<\/p><p>El client accepta de manera expressa, plena i sense reserves totes i cadascuna de les cl\u00e0usules del present contracte.<\/p><p>El client ent\u00e9n que la informaci\u00f3 continguda a la p\u00e0gina web, com les condicions generals de contractaci\u00f3 i perfeccionament del contracte, s\u00f3n prou i suficients per a l \u201cexclusi\u00f3 d\u201d error en la formaci\u00f3 del consentiment.<\/p><p>El client accepta la utilitzaci\u00f3 de les seves dades recollides al nostre sistema mitjan\u00e7ant el formulari de registre per garantir el correcte tr\u00e0mit de les comandes realitzades (adre\u00e7a, tel\u00e8fon, email, etc)<\/p><h6>ACTIVITAT<\/h6><p><a href=\"https:\/\/gaikanrestaurant.com\/ca\/\">https:\/\/gaikanrestaurant.com\/<\/a> , es dedica a la restauraci\u00f3 ia la venda a dist\u00e0ncia de bons o productes alimentaris.<\/p><h6>CONTINGUTS I INFORMACI\u00d3 SUBMINISTRADA A LA P\u00c0GINA WEB<\/h6><p><a href=\"https:\/\/gaikanrestaurant.com\/ca\/\">https:\/\/gaikanrestaurant.com\/<\/a> es reserva el dret de modificar l&#8217;oferta comercial presentada a la seva p\u00e0gina web (modificacions sobre els seus productes, preus, promocions i altres condicions comercials i de servei).<\/p><p>El preu dels nostres articles \u00e9s l&#8217;indicat a cada moment a la nostra p\u00e0gina web. Si es detect\u00e9s l \u201cexist\u00e8ncia d\u201d un error en la introducci\u00f3 del preu, ali\u00e8 en tot moment a la voluntat de zaranda.es, es procediria autom\u00e0ticament a corregir-lo. En cas de cancel\u00b7laci\u00f3 se li reintegrar\u00e0 al client qualsevol quantitat que hagi estat abonada. Sense la conformitat expressa del client a les condicions correctes, no es procedir\u00e0 a donar curs a l&#8217;enviament del bo.   <\/p><p>Els productes o bons oferts a la venda es presenten amb la m\u00e0xima exactitud possible.<\/p><h6>SISTEMA DE VENDA<\/h6><p>Per realitzar una compra, el client simplement ha de seleccionar un dels nostres men\u00fas degustaci\u00f3 Seguidament haur\u00e0 de punxar al producte desitjat, i un cop dins del producte, a la part inferior apareixer\u00e0 una barra on podr\u00e0 triar els complements desitjats a afegir al bo, la quantitat per afegir-lo a la cistella i procedir al pagament, cada bo o producte inclou l&#8217;IVA<\/p><h6>FORMA DE PAGAMENT<\/h6><p>El client, a la p\u00e0gina Forma de pagament, podr\u00e0 pagar de manera segura mitjan\u00e7ant targeta de cr\u00e8dit.<\/p><p>El pagament a trav\u00e9s de gaikanrestaurant.com \u00e9s totalment segur mitjan\u00e7ant l&#8217;encriptaci\u00f3 SSL. Per al pagament amb targeta, el client \u00e9s redirigit al sistema de pagament, on podr\u00e0 indicar les dades de la targeta en un entorn totalment segur. <\/p><p>gaikanrestaurant.com es reserva el dret de negar-se a efectuar l \u201cenviament d\u201d una comanda d \u201cun client que no hagu\u00e9s abonat totalment o parcialment una comanda anterior o amb qu\u00e8 hi hagi un litigi de pagament actiu, aix\u00ed com qualsevol comanda que tingui indici de frau en el pagament o b\u00e9 el pagament del qual no s\u201d hagi formalitzat.<\/p><p>Totes les nostres Comandes estan subjectes a l&#8217;obligaci\u00f3 de pagament.<\/p><h6>POL\u00cdTICA DE DEVOLUCI\u00d3 O ANUL\u00b7LACI\u00d3 DE LA COMANDA PER PART DE GAIKANRESTAURANT.COM<\/h6><p>Un cop realitzada la comanda, i en tractar-se d&#8217;un valor monetari no es podr\u00e0 fer cap tipus de devoluci\u00f3 gaikanrestaurant.com i es mantindr\u00e0 el valor econ\u00f2mic del bo de manera il\u00b7limitada es reserva el dret d&#8217;anul\u00b7laci\u00f3 d&#8217;una comanda en cas d&#8217;assetjament per part del client ja sigui de forma telef\u00f2nica, mail o mitjan\u00e7ant inj\u00faries als posts d&#8217;altres webs.<\/p><\/div><\/div><div data-id=\"b76b8d8\" data-element_type=\"widget\" data-widget_type=\"divider.default\"><div><div> <\/div><\/div><\/div>\t\t\t\t\t\t\t\t<\/div>\n\t\t\t\t<\/div>\n\t\t\t\t\t<\/div>\n\t\t\t\t<\/div>\n\t\t\t\t<\/div>\n\t\t","protected":false},"excerpt":{"rendered":"<p>TERMES I CONDICIONS DENTIFICACI\u00d3 I DEFINICIONS Les presents condicions generals de contractaci\u00f3 s \u201capliquen a totes les transaccions comercials realitzades a trav\u00e9s de la p\u00e0gina web https:\/\/gaikanrestaurant.com , domini del qual \u00e9s titular Gesti\u00f3 i AVIJO SL, amb CIF B07611379 i domicili a Avda S\u201d Albufera 23 Platja de Muro 07458 en endavant EL TITU. [&hellip;]<\/p>\n","protected":false},"author":1,"featured_media":0,"parent":0,"menu_order":0,"comment_status":"closed","ping_status":"closed","template":"elementor_header_footer","meta":{"footnotes":""},"class_list":["post-2019","page","type-page","status-publish","hentry"],"yoast_head":"<!-- This site is optimized with the Yoast SEO plugin v27.4 - https:\/\/yoast.com\/product\/yoast-seo-wordpress\/ -->\n<title>Termes i condicions - Gaikan<\/title>\n<meta name=\"robots\" content=\"noindex, follow\" \/>\n<meta property=\"og:locale\" content=\"ca_ES\" \/>\n<meta property=\"og:type\" content=\"article\" \/>\n<meta property=\"og:title\" content=\"Termes i condicions - Gaikan\" \/>\n<meta property=\"og:description\" content=\"TERMES I CONDICIONS DENTIFICACI\u00d3 I DEFINICIONS Les presents condicions generals de contractaci\u00f3 s \u201capliquen a totes les transaccions comercials realitzades a trav\u00e9s de la p\u00e0gina web https:\/\/gaikanrestaurant.com , domini del qual \u00e9s titular Gesti\u00f3 i AVIJO SL, amb CIF B07611379 i domicili a Avda S\u201d Albufera 23 Platja de Muro 07458 en endavant EL TITU. [&hellip;]\" \/>\n<meta property=\"og:url\" content=\"https:\/\/gaikanrestaurant.com\/ca\/termes-i-condicions\/\" \/>\n<meta property=\"og:site_name\" content=\"Gaikan\" \/>\n<meta property=\"article:modified_time\" content=\"2025-08-18T13:16:48+00:00\" \/>\n<meta name=\"twitter:card\" content=\"summary_large_image\" \/>\n<meta name=\"twitter:label1\" content=\"Temps estimat de lectura\" \/>\n\t<meta name=\"twitter:data1\" content=\"3 minuts\" \/>\n<script type=\"application\/ld+json\" class=\"yoast-schema-graph\">{\"@context\":\"https:\\\/\\\/schema.org\",\"@graph\":[{\"@type\":\"WebPage\",\"@id\":\"https:\\\/\\\/gaikanrestaurant.com\\\/ca\\\/termes-i-condicions\\\/\",\"url\":\"https:\\\/\\\/gaikanrestaurant.com\\\/ca\\\/termes-i-condicions\\\/\",\"name\":\"Termes i condicions - Gaikan\",\"isPartOf\":{\"@id\":\"https:\\\/\\\/gaikanrestaurant.com\\\/ca\\\/#website\"},\"datePublished\":\"2025-04-15T08:39:14+00:00\",\"dateModified\":\"2025-08-18T13:16:48+00:00\",\"breadcrumb\":{\"@id\":\"https:\\\/\\\/gaikanrestaurant.com\\\/ca\\\/termes-i-condicions\\\/#breadcrumb\"},\"inLanguage\":\"ca\",\"potentialAction\":[{\"@type\":\"ReadAction\",\"target\":[\"https:\\\/\\\/gaikanrestaurant.com\\\/ca\\\/termes-i-condicions\\\/\"]}]},{\"@type\":\"BreadcrumbList\",\"@id\":\"https:\\\/\\\/gaikanrestaurant.com\\\/ca\\\/termes-i-condicions\\\/#breadcrumb\",\"itemListElement\":[{\"@type\":\"ListItem\",\"position\":1,\"name\":\"Portada\",\"item\":\"https:\\\/\\\/gaikanrestaurant.com\\\/ca\\\/nova-marca\\\/\"},{\"@type\":\"ListItem\",\"position\":2,\"name\":\"Termes i condicions\"}]},{\"@type\":\"WebSite\",\"@id\":\"https:\\\/\\\/gaikanrestaurant.com\\\/ca\\\/#website\",\"url\":\"https:\\\/\\\/gaikanrestaurant.com\\\/ca\\\/\",\"name\":\"Gaikan\",\"description\":\"\",\"publisher\":{\"@id\":\"https:\\\/\\\/gaikanrestaurant.com\\\/ca\\\/#organization\"},\"potentialAction\":[{\"@type\":\"SearchAction\",\"target\":{\"@type\":\"EntryPoint\",\"urlTemplate\":\"https:\\\/\\\/gaikanrestaurant.com\\\/ca\\\/?s={search_term_string}\"},\"query-input\":{\"@type\":\"PropertyValueSpecification\",\"valueRequired\":true,\"valueName\":\"search_term_string\"}}],\"inLanguage\":\"ca\"},{\"@type\":\"Organization\",\"@id\":\"https:\\\/\\\/gaikanrestaurant.com\\\/ca\\\/#organization\",\"name\":\"Gaikan\",\"url\":\"https:\\\/\\\/gaikanrestaurant.com\\\/ca\\\/\",\"logo\":{\"@type\":\"ImageObject\",\"inLanguage\":\"ca\",\"@id\":\"https:\\\/\\\/gaikanrestaurant.com\\\/ca\\\/#\\\/schema\\\/logo\\\/image\\\/\",\"url\":\"https:\\\/\\\/gaikanrestaurant.com\\\/wp-content\\\/uploads\\\/2025\\\/04\\\/gaikantransbeige-solo-GAIKAN-1.png\",\"contentUrl\":\"https:\\\/\\\/gaikanrestaurant.com\\\/wp-content\\\/uploads\\\/2025\\\/04\\\/gaikantransbeige-solo-GAIKAN-1.png\",\"width\":700,\"height\":116,\"caption\":\"Gaikan\"},\"image\":{\"@id\":\"https:\\\/\\\/gaikanrestaurant.com\\\/ca\\\/#\\\/schema\\\/logo\\\/image\\\/\"}}]}<\/script>\n<!-- \/ Yoast SEO plugin. -->","yoast_head_json":{"title":"Termes i condicions - Gaikan","robots":{"index":"noindex","follow":"follow"},"og_locale":"ca_ES","og_type":"article","og_title":"Termes i condicions - Gaikan","og_description":"TERMES I CONDICIONS DENTIFICACI\u00d3 I DEFINICIONS Les presents condicions generals de contractaci\u00f3 s \u201capliquen a totes les transaccions comercials realitzades a trav\u00e9s de la p\u00e0gina web https:\/\/gaikanrestaurant.com , domini del qual \u00e9s titular Gesti\u00f3 i AVIJO SL, amb CIF B07611379 i domicili a Avda S\u201d Albufera 23 Platja de Muro 07458 en endavant EL TITU. [&hellip;]","og_url":"https:\/\/gaikanrestaurant.com\/ca\/termes-i-condicions\/","og_site_name":"Gaikan","article_modified_time":"2025-08-18T13:16:48+00:00","twitter_card":"summary_large_image","twitter_misc":{"Temps estimat de lectura":"3 minuts"},"schema":{"@context":"https:\/\/schema.org","@graph":[{"@type":"WebPage","@id":"https:\/\/gaikanrestaurant.com\/ca\/termes-i-condicions\/","url":"https:\/\/gaikanrestaurant.com\/ca\/termes-i-condicions\/","name":"Termes i condicions - Gaikan","isPartOf":{"@id":"https:\/\/gaikanrestaurant.com\/ca\/#website"},"datePublished":"2025-04-15T08:39:14+00:00","dateModified":"2025-08-18T13:16:48+00:00","breadcrumb":{"@id":"https:\/\/gaikanrestaurant.com\/ca\/termes-i-condicions\/#breadcrumb"},"inLanguage":"ca","potentialAction":[{"@type":"ReadAction","target":["https:\/\/gaikanrestaurant.com\/ca\/termes-i-condicions\/"]}]},{"@type":"BreadcrumbList","@id":"https:\/\/gaikanrestaurant.com\/ca\/termes-i-condicions\/#breadcrumb","itemListElement":[{"@type":"ListItem","position":1,"name":"Portada","item":"https:\/\/gaikanrestaurant.com\/ca\/nova-marca\/"},{"@type":"ListItem","position":2,"name":"Termes i condicions"}]},{"@type":"WebSite","@id":"https:\/\/gaikanrestaurant.com\/ca\/#website","url":"https:\/\/gaikanrestaurant.com\/ca\/","name":"Gaikan","description":"","publisher":{"@id":"https:\/\/gaikanrestaurant.com\/ca\/#organization"},"potentialAction":[{"@type":"SearchAction","target":{"@type":"EntryPoint","urlTemplate":"https:\/\/gaikanrestaurant.com\/ca\/?s={search_term_string}"},"query-input":{"@type":"PropertyValueSpecification","valueRequired":true,"valueName":"search_term_string"}}],"inLanguage":"ca"},{"@type":"Organization","@id":"https:\/\/gaikanrestaurant.com\/ca\/#organization","name":"Gaikan","url":"https:\/\/gaikanrestaurant.com\/ca\/","logo":{"@type":"ImageObject","inLanguage":"ca","@id":"https:\/\/gaikanrestaurant.com\/ca\/#\/schema\/logo\/image\/","url":"https:\/\/gaikanrestaurant.com\/wp-content\/uploads\/2025\/04\/gaikantransbeige-solo-GAIKAN-1.png","contentUrl":"https:\/\/gaikanrestaurant.com\/wp-content\/uploads\/2025\/04\/gaikantransbeige-solo-GAIKAN-1.png","width":700,"height":116,"caption":"Gaikan"},"image":{"@id":"https:\/\/gaikanrestaurant.com\/ca\/#\/schema\/logo\/image\/"}}]}},"_links":{"self":[{"href":"https:\/\/gaikanrestaurant.com\/ca\/wp-json\/wp\/v2\/pages\/2019","targetHints":{"allow":["GET"]}}],"collection":[{"href":"https:\/\/gaikanrestaurant.com\/ca\/wp-json\/wp\/v2\/pages"}],"about":[{"href":"https:\/\/gaikanrestaurant.com\/ca\/wp-json\/wp\/v2\/types\/page"}],"author":[{"embeddable":true,"href":"https:\/\/gaikanrestaurant.com\/ca\/wp-json\/wp\/v2\/users\/1"}],"replies":[{"embeddable":true,"href":"https:\/\/gaikanrestaurant.com\/ca\/wp-json\/wp\/v2\/comments?post=2019"}],"version-history":[{"count":2,"href":"https:\/\/gaikanrestaurant.com\/ca\/wp-json\/wp\/v2\/pages\/2019\/revisions"}],"predecessor-version":[{"id":3451,"href":"https:\/\/gaikanrestaurant.com\/ca\/wp-json\/wp\/v2\/pages\/2019\/revisions\/3451"}],"wp:attachment":[{"href":"https:\/\/gaikanrestaurant.com\/ca\/wp-json\/wp\/v2\/media?parent=2019"}],"curies":[{"name":"wp","href":"https:\/\/api.w.org\/{rel}","templated":true}]}}